{"id":60,"date":"2020-09-16T05:16:57","date_gmt":"2020-09-16T05:16:57","guid":{"rendered":"http:\/\/colchonesyhogarcordoba.com\/index.php\/contact-us\/"},"modified":"2024-02-22T15:27:00","modified_gmt":"2024-02-22T15:27:00","slug":"contacto","status":"publish","type":"page","link":"https:\/\/colchonesyhogarcordoba.com\/index.php\/contacto\/","title":{"rendered":"CONTACTANOS"},"content":{"rendered":"\n<div class=\"wp-block-columns are-vertically-aligned-center is-layout-flex wp-container-core-columns-is-layout-9d6595d7 wp-block-columns-is-layout-flex\">\n<div class=\"wp-block-column is-vertically-aligned-center is-layout-flow wp-block-column-is-layout-flow\" style=\"flex-basis:100%\">\n<div class=\"wp-block-group alignfull has-ast-global-color-5-background-color has-background is-vertical is-content-justification-center is-layout-flex wp-container-core-group-is-layout-4b2eccd6 wp-block-group-is-layout-flex\">\n<div class=\"wp-block-columns are-vertically-aligned-center is-layout-flex wp-container-core-columns-is-layout-9d6595d7 wp-block-columns-is-layout-flex\">\n<div class=\"wp-block-column is-vertically-aligned-center is-layout-flow wp-block-column-is-layout-flow\">\n<div class=\"wp-block-group alignfull has-ast-global-color-4-background-color has-background is-vertical is-content-justification-center is-layout-flex wp-container-core-group-is-layout-4b2eccd6 wp-block-group-is-layout-flex\">\n<p><\/p>\n<\/div>\n<\/div>\n<\/div>\n<\/div>\n<\/div>\n<\/div>\n\n\n\n<div class=\"wp-block-group is-vertical is-layout-flex wp-container-core-group-is-layout-8cf370e7 wp-block-group-is-layout-flex\">\n<div class=\"wp-block-columns is-layout-flex wp-container-core-columns-is-layout-9d6595d7 wp-block-columns-is-layout-flex\">\n<div class=\"wp-block-column is-vertically-aligned-center is-layout-flow wp-block-column-is-layout-flow\">\n<div class=\"wp-block-group\"><div class=\"wp-block-group__inner-container is-layout-constrained wp-block-group-is-layout-constrained\">\n<p class=\"has-text-align-left\">Comunicate al: 3516 33-2216                    <\/p>\n\n\n\n<p class=\"has-text-align-left\">                                                                                                                                                                               Email: colchonescordobaoficial@1rosprous    <\/p>\n\n\n\n<p class=\"has-text-align-left\">                                                                                                                                                                                                                                                                                                                                            Horarios de atenci\u00f3n:                                                                                                                                                             De lunes a viernes &#8211; 9 a 13hs y de 16 a 20hs.                                                                                                  S\u00e1bados &#8211; 09 a 13.30hs                                                                                                                                                      <\/p>\n<\/div><\/div>\n<\/div>\n<\/div>\n<\/div>\n\n\n\n<div style=\"height:100px\" aria-hidden=\"true\" class=\"wp-block-spacer\"><\/div>\n\n\n\n<div class=\"wp-block-group alignfull has-ast-global-color-5-background-color has-background is-vertical is-content-justification-center is-layout-flex wp-container-core-group-is-layout-4b2eccd6 wp-block-group-is-layout-flex\">\n<div class=\"wp-block-group has-ast-global-color-4-background-color has-background\"><div class=\"wp-block-group__inner-container is-layout-flow wp-block-group-is-layout-flow\">\n<h3 class=\"wp-block-heading has-text-align-center\">Env\u00edanos un mensajes<\/h3>\n\n\n<div class=\"wpforms-container wpforms-block wpforms-block-33887d90-7e8b-4e4e-8e0c-c754e68200e6\" id=\"wpforms-10\"><form id=\"wpforms-form-10\" class=\"wpforms-validate wpforms-form\" data-formid=\"10\" method=\"post\" enctype=\"multipart\/form-data\" action=\"\/index.php\/wp-json\/wp\/v2\/pages\/60\" data-token=\"c94c9d0d1f3ee0df5df118f776b1452c\"><noscript class=\"wpforms-error-noscript\">Por favor, activa JavaScript en tu navegador para completar este formulario.<\/noscript><div class=\"wpforms-field-container\"><div id=\"wpforms-10-field_0-container\" class=\"wpforms-field wpforms-field-name\" data-field-id=\"0\"><label class=\"wpforms-field-label\" for=\"wpforms-10-field_0\">Nombre <span class=\"wpforms-required-label\">*<\/span><\/label><input type=\"text\" id=\"wpforms-10-field_0\" class=\"wpforms-field-large wpforms-field-required\" name=\"wpforms[fields][0]\" required><\/div><div id=\"wpforms-10-field_1-container\" class=\"wpforms-field wpforms-field-email\" data-field-id=\"1\"><label class=\"wpforms-field-label\" for=\"wpforms-10-field_1\">EMAIL <span class=\"wpforms-required-label\">*<\/span><\/label><input type=\"email\" id=\"wpforms-10-field_1\" class=\"wpforms-field-large wpforms-field-required\" name=\"wpforms[fields][1]\" spellcheck=\"false\" required><\/div><div id=\"wpforms-10-field_3-container\" class=\"wpforms-field wpforms-field-text\" data-field-id=\"3\"><label class=\"wpforms-field-label\" for=\"wpforms-10-field_3\">Tema<\/label><input type=\"text\" id=\"wpforms-10-field_3\" class=\"wpforms-field-large\" name=\"wpforms[fields][3]\" ><\/div><div id=\"wpforms-10-field_2-container\" class=\"wpforms-field wpforms-field-textarea\" data-field-id=\"2\"><label class=\"wpforms-field-label\" for=\"wpforms-10-field_2\">Mensaje<\/label><textarea id=\"wpforms-10-field_2\" class=\"wpforms-field-medium\" name=\"wpforms[fields][2]\" ><\/textarea><\/div><\/div><!-- .wpforms-field-container --><div class=\"wpforms-field wpforms-field-hp\"><label for=\"wpforms-10-field-hp\" class=\"wpforms-field-label\">Website<\/label><input type=\"text\" name=\"wpforms[hp]\" id=\"wpforms-10-field-hp\" class=\"wpforms-field-medium\"><\/div><div class=\"wpforms-submit-container\" ><input type=\"hidden\" name=\"wpforms[id]\" value=\"10\"><input type=\"hidden\" name=\"wpforms[author]\" value=\"1\"><button type=\"submit\" name=\"wpforms[submit]\" id=\"wpforms-submit-10\" class=\"wpforms-submit\" data-alt-text=\"Enviando...\" data-submit-text=\"Enviar mensaje\" aria-live=\"assertive\" value=\"wpforms-submit\">Enviar mensaje<\/button><\/div><\/form><\/div>  <!-- .wpforms-container --><\/div><\/div>\n<\/div>\n\n\n\n<div style=\"height:72px\" aria-hidden=\"true\" class=\"wp-block-spacer\"><\/div>\n\n\n\n<div class=\"wp-block-group alignwide has-ast-global-color-5-background-color has-background is-vertical is-content-justification-center is-layout-flex wp-container-core-group-is-layout-4b2eccd6 wp-block-group-is-layout-flex\">\n<div class=\"wp-block-columns is-layout-flex wp-container-core-columns-is-layout-9d6595d7 wp-block-columns-is-layout-flex\">\n<div class=\"wp-block-column is-layout-flow wp-block-column-is-layout-flow\"><div class=\"wp-block-image\">\n<figure class=\"aligncenter size-full is-resized\"><img decoding=\"async\" width=\"65\" height=\"65\" src=\"http:\/\/colchonesyhogarcordoba.com\/wp-content\/uploads\/2021\/10\/envio-camion.png\" alt=\"\" class=\"wp-image-1402\" style=\"width:131px;height:auto\"\/><\/figure>\n<\/div>\n\n\n<h6 class=\"wp-block-heading has-text-align-center\">ENV\u00cdOS AL INTERIOR<\/h6>\n\n\n\n<p class=\"has-text-align-center\"><\/p>\n<\/div>\n\n\n\n<div class=\"wp-block-column is-layout-flow wp-block-column-is-layout-flow\"><div class=\"wp-block-image\">\n<figure class=\"aligncenter size-full is-resized\"><img decoding=\"async\" width=\"120\" height=\"120\" src=\"http:\/\/colchonesyhogarcordoba.com\/wp-content\/uploads\/2021\/10\/Sello-garantia.png\" alt=\"\" class=\"wp-image-1407\" style=\"width:130px;height:130px\" srcset=\"https:\/\/colchonesyhogarcordoba.com\/wp-content\/uploads\/2021\/10\/Sello-garantia.png 120w, https:\/\/colchonesyhogarcordoba.com\/wp-content\/uploads\/2021\/10\/Sello-garantia-100x100.png 100w\" sizes=\"(max-width: 120px) 100vw, 120px\" \/><\/figure>\n<\/div>\n\n\n<h6 class=\"wp-block-heading has-text-align-center\">GARANT\u00cdA DE CALIDAD<\/h6>\n\n\n\n<p class=\"has-text-align-center\"><\/p>\n<\/div>\n\n\n\n<div class=\"wp-block-column is-layout-flow wp-block-column-is-layout-flow\"><div class=\"wp-block-image\">\n<figure class=\"aligncenter size-full is-resized\"><img fetchpriority=\"high\" decoding=\"async\" width=\"574\" height=\"435\" src=\"http:\/\/colchonesyhogarcordoba.com\/wp-content\/uploads\/2023\/01\/187-1878783_etiqueta-de-oferta-png-transparent-png-removebg-preview.png\" alt=\"\" class=\"wp-image-2445\" style=\"width:161px;height:121px\" srcset=\"https:\/\/colchonesyhogarcordoba.com\/wp-content\/uploads\/2023\/01\/187-1878783_etiqueta-de-oferta-png-transparent-png-removebg-preview.png 574w, https:\/\/colchonesyhogarcordoba.com\/wp-content\/uploads\/2023\/01\/187-1878783_etiqueta-de-oferta-png-transparent-png-removebg-preview-450x341.png 450w, https:\/\/colchonesyhogarcordoba.com\/wp-content\/uploads\/2023\/01\/187-1878783_etiqueta-de-oferta-png-transparent-png-removebg-preview-300x227.png 300w\" sizes=\"(max-width: 574px) 100vw, 574px\" \/><\/figure>\n<\/div>\n\n\n<h6 class=\"wp-block-heading has-text-align-center\">LAS MEJORES OFERTAS<\/h6>\n\n\n\n<p class=\"has-text-align-center\"><\/p>\n<\/div>\n\n\n\n<div class=\"wp-block-column is-layout-flow wp-block-column-is-layout-flow\"><div class=\"wp-block-image\">\n<figure class=\"aligncenter size-large is-resized\"><img decoding=\"async\" src=\"http:\/\/colchonesyhogarcordoba.com\/wp-content\/uploads\/2020\/09\/lock-free-img.png\" alt=\"\" class=\"wp-image-16\" style=\"width:120px;height:auto\"\/><\/figure>\n<\/div>\n\n\n<h6 class=\"wp-block-heading has-text-align-center\">PAGO SEGURO<\/h6>\n\n\n\n<p class=\"has-text-align-center\"><\/p>\n<\/div>\n<\/div>\n<\/div>\n\n\n\n<p><\/p>\n","protected":false},"excerpt":{"rendered":"<p>Comunicate al: 3516 33-2216 Email: colchonescordobaoficial@1rosprous Horarios de atenci\u00f3n: De lunes a viernes &#8211; 9 a 13hs y de 16 a 20hs. S\u00e1bados &#8211; 09 a 13.30hs Env\u00edanos un mensajes ENV\u00cdOS AL INTERIOR GARANT\u00cdA DE CALIDAD LAS MEJORES OFERTAS PAGO SEGURO<\/p>\n","protected":false},"author":1,"featured_media":0,"parent":0,"menu_order":0,"comment_status":"closed","ping_status":"closed","template":"","meta":{"om_disable_all_campaigns":false,"footnotes":""},"class_list":["post-60","page","type-page","status-publish","hentry"],"yoast_head":"<!-- This site is optimized with the Yoast SEO plugin v23.7 - https:\/\/yoast.com\/wordpress\/plugins\/seo\/ -->\n<title>CONTACTANOS -<\/title>\n<meta name=\"robots\" content=\"index, follow, max-snippet:-1, max-image-preview:large, max-video-preview:-1\" \/>\n<link rel=\"canonical\" href=\"https:\/\/colchonesyhogarcordoba.com\/index.php\/contacto\/\" \/>\n<meta property=\"og:locale\" content=\"es_ES\" \/>\n<meta property=\"og:type\" content=\"article\" \/>\n<meta property=\"og:title\" content=\"CONTACTANOS -\" \/>\n<meta property=\"og:description\" content=\"Comunicate al: 3516 33-2216 Email: colchonescordobaoficial@1rosprous Horarios de atenci\u00f3n: De lunes a viernes &#8211; 9 a 13hs y de 16 a 20hs. S\u00e1bados &#8211; 09 a 13.30hs Env\u00edanos un mensajes ENV\u00cdOS AL INTERIOR GARANT\u00cdA DE CALIDAD LAS MEJORES OFERTAS PAGO SEGURO\" \/>\n<meta property=\"og:url\" content=\"https:\/\/colchonesyhogarcordoba.com\/index.php\/contacto\/\" \/>\n<meta property=\"article:publisher\" content=\"https:\/\/www.instagram.com\/colchonesyhogarcordobaoficial\/\" \/>\n<meta property=\"article:modified_time\" content=\"2024-02-22T15:27:00+00:00\" \/>\n<meta property=\"og:image\" content=\"https:\/\/colchonesyhogarcordoba.com\/wp-content\/uploads\/2021\/10\/envio-camion.png\" \/>\n\t<meta property=\"og:image:width\" content=\"65\" \/>\n\t<meta property=\"og:image:height\" content=\"65\" \/>\n\t<meta property=\"og:image:type\" content=\"image\/png\" \/>\n<meta name=\"twitter:card\" content=\"summary_large_image\" \/>\n<meta name=\"twitter:label1\" content=\"Tiempo de lectura\" \/>\n\t<meta name=\"twitter:data1\" content=\"2 minutos\" \/>\n<script type=\"application\/ld+json\" class=\"yoast-schema-graph\">{\"@context\":\"https:\/\/schema.org\",\"@graph\":[{\"@type\":\"WebPage\",\"@id\":\"https:\/\/colchonesyhogarcordoba.com\/index.php\/contacto\/\",\"url\":\"https:\/\/colchonesyhogarcordoba.com\/index.php\/contacto\/\",\"name\":\"CONTACTANOS -\",\"isPartOf\":{\"@id\":\"https:\/\/colchonesyhogarcordoba.com\/#website\"},\"primaryImageOfPage\":{\"@id\":\"https:\/\/colchonesyhogarcordoba.com\/index.php\/contacto\/#primaryimage\"},\"image\":{\"@id\":\"https:\/\/colchonesyhogarcordoba.com\/index.php\/contacto\/#primaryimage\"},\"thumbnailUrl\":\"http:\/\/colchonesyhogarcordoba.com\/wp-content\/uploads\/2021\/10\/envio-camion.png\",\"datePublished\":\"2020-09-16T05:16:57+00:00\",\"dateModified\":\"2024-02-22T15:27:00+00:00\",\"breadcrumb\":{\"@id\":\"https:\/\/colchonesyhogarcordoba.com\/index.php\/contacto\/#breadcrumb\"},\"inLanguage\":\"es\",\"potentialAction\":[{\"@type\":\"ReadAction\",\"target\":[\"https:\/\/colchonesyhogarcordoba.com\/index.php\/contacto\/\"]}]},{\"@type\":\"ImageObject\",\"inLanguage\":\"es\",\"@id\":\"https:\/\/colchonesyhogarcordoba.com\/index.php\/contacto\/#primaryimage\",\"url\":\"https:\/\/colchonesyhogarcordoba.com\/wp-content\/uploads\/2021\/10\/envio-camion.png\",\"contentUrl\":\"https:\/\/colchonesyhogarcordoba.com\/wp-content\/uploads\/2021\/10\/envio-camion.png\",\"width\":65,\"height\":65},{\"@type\":\"BreadcrumbList\",\"@id\":\"https:\/\/colchonesyhogarcordoba.com\/index.php\/contacto\/#breadcrumb\",\"itemListElement\":[{\"@type\":\"ListItem\",\"position\":1,\"name\":\"Portada\",\"item\":\"https:\/\/colchonesyhogarcordoba.com\/\"},{\"@type\":\"ListItem\",\"position\":2,\"name\":\"CONTACTANOS\"}]},{\"@type\":\"WebSite\",\"@id\":\"https:\/\/colchonesyhogarcordoba.com\/#website\",\"url\":\"https:\/\/colchonesyhogarcordoba.com\/\",\"name\":\"https:\/\/colchonesyhogarcordoba.com\/\",\"description\":\"\",\"publisher\":{\"@id\":\"https:\/\/colchonesyhogarcordoba.com\/#organization\"},\"potentialAction\":[{\"@type\":\"SearchAction\",\"target\":{\"@type\":\"EntryPoint\",\"urlTemplate\":\"https:\/\/colchonesyhogarcordoba.com\/?s={search_term_string}\"},\"query-input\":{\"@type\":\"PropertyValueSpecification\",\"valueRequired\":true,\"valueName\":\"search_term_string\"}}],\"inLanguage\":\"es\"},{\"@type\":\"Organization\",\"@id\":\"https:\/\/colchonesyhogarcordoba.com\/#organization\",\"name\":\"Colchones y Hogar C\u00f3rdoba\",\"url\":\"https:\/\/colchonesyhogarcordoba.com\/\",\"logo\":{\"@type\":\"ImageObject\",\"inLanguage\":\"es\",\"@id\":\"https:\/\/colchonesyhogarcordoba.com\/#\/schema\/logo\/image\/\",\"url\":\"https:\/\/colchonesyhogarcordoba.com\/wp-content\/uploads\/2024\/10\/WhatsApp-Image-2024-10-22-at-15.50.48-fotor-202410240540.png\",\"contentUrl\":\"https:\/\/colchonesyhogarcordoba.com\/wp-content\/uploads\/2024\/10\/WhatsApp-Image-2024-10-22-at-15.50.48-fotor-202410240540.png\",\"width\":1026,\"height\":1026,\"caption\":\"Colchones y Hogar C\u00f3rdoba\"},\"image\":{\"@id\":\"https:\/\/colchonesyhogarcordoba.com\/#\/schema\/logo\/image\/\"},\"sameAs\":[\"https:\/\/www.instagram.com\/colchonesyhogarcordobaoficial\/\",\"https:\/\/www.facebook.com\/ColchonesyhogarCordobaOficial\",\"https:\/\/www.tiktok.com\/@colchonesyhogarcordoba\"]}]}<\/script>\n<!-- \/ Yoast SEO plugin. -->","yoast_head_json":{"title":"CONTACTANOS -","robots":{"index":"index","follow":"follow","max-snippet":"max-snippet:-1","max-image-preview":"max-image-preview:large","max-video-preview":"max-video-preview:-1"},"canonical":"https:\/\/colchonesyhogarcordoba.com\/index.php\/contacto\/","og_locale":"es_ES","og_type":"article","og_title":"CONTACTANOS -","og_description":"Comunicate al: 3516 33-2216 Email: colchonescordobaoficial@1rosprous Horarios de atenci\u00f3n: De lunes a viernes &#8211; 9 a 13hs y de 16 a 20hs. S\u00e1bados &#8211; 09 a 13.30hs Env\u00edanos un mensajes ENV\u00cdOS AL INTERIOR GARANT\u00cdA DE CALIDAD LAS MEJORES OFERTAS PAGO SEGURO","og_url":"https:\/\/colchonesyhogarcordoba.com\/index.php\/contacto\/","article_publisher":"https:\/\/www.instagram.com\/colchonesyhogarcordobaoficial\/","article_modified_time":"2024-02-22T15:27:00+00:00","og_image":[{"width":65,"height":65,"url":"https:\/\/colchonesyhogarcordoba.com\/wp-content\/uploads\/2021\/10\/envio-camion.png","type":"image\/png"}],"twitter_card":"summary_large_image","twitter_misc":{"Tiempo de lectura":"2 minutos"},"schema":{"@context":"https:\/\/schema.org","@graph":[{"@type":"WebPage","@id":"https:\/\/colchonesyhogarcordoba.com\/index.php\/contacto\/","url":"https:\/\/colchonesyhogarcordoba.com\/index.php\/contacto\/","name":"CONTACTANOS -","isPartOf":{"@id":"https:\/\/colchonesyhogarcordoba.com\/#website"},"primaryImageOfPage":{"@id":"https:\/\/colchonesyhogarcordoba.com\/index.php\/contacto\/#primaryimage"},"image":{"@id":"https:\/\/colchonesyhogarcordoba.com\/index.php\/contacto\/#primaryimage"},"thumbnailUrl":"http:\/\/colchonesyhogarcordoba.com\/wp-content\/uploads\/2021\/10\/envio-camion.png","datePublished":"2020-09-16T05:16:57+00:00","dateModified":"2024-02-22T15:27:00+00:00","breadcrumb":{"@id":"https:\/\/colchonesyhogarcordoba.com\/index.php\/contacto\/#breadcrumb"},"inLanguage":"es","potentialAction":[{"@type":"ReadAction","target":["https:\/\/colchonesyhogarcordoba.com\/index.php\/contacto\/"]}]},{"@type":"ImageObject","inLanguage":"es","@id":"https:\/\/colchonesyhogarcordoba.com\/index.php\/contacto\/#primaryimage","url":"https:\/\/colchonesyhogarcordoba.com\/wp-content\/uploads\/2021\/10\/envio-camion.png","contentUrl":"https:\/\/colchonesyhogarcordoba.com\/wp-content\/uploads\/2021\/10\/envio-camion.png","width":65,"height":65},{"@type":"BreadcrumbList","@id":"https:\/\/colchonesyhogarcordoba.com\/index.php\/contacto\/#breadcrumb","itemListElement":[{"@type":"ListItem","position":1,"name":"Portada","item":"https:\/\/colchonesyhogarcordoba.com\/"},{"@type":"ListItem","position":2,"name":"CONTACTANOS"}]},{"@type":"WebSite","@id":"https:\/\/colchonesyhogarcordoba.com\/#website","url":"https:\/\/colchonesyhogarcordoba.com\/","name":"https:\/\/colchonesyhogarcordoba.com\/","description":"","publisher":{"@id":"https:\/\/colchonesyhogarcordoba.com\/#organization"},"potentialAction":[{"@type":"SearchAction","target":{"@type":"EntryPoint","urlTemplate":"https:\/\/colchonesyhogarcordoba.com\/?s={search_term_string}"},"query-input":{"@type":"PropertyValueSpecification","valueRequired":true,"valueName":"search_term_string"}}],"inLanguage":"es"},{"@type":"Organization","@id":"https:\/\/colchonesyhogarcordoba.com\/#organization","name":"Colchones y Hogar C\u00f3rdoba","url":"https:\/\/colchonesyhogarcordoba.com\/","logo":{"@type":"ImageObject","inLanguage":"es","@id":"https:\/\/colchonesyhogarcordoba.com\/#\/schema\/logo\/image\/","url":"https:\/\/colchonesyhogarcordoba.com\/wp-content\/uploads\/2024\/10\/WhatsApp-Image-2024-10-22-at-15.50.48-fotor-202410240540.png","contentUrl":"https:\/\/colchonesyhogarcordoba.com\/wp-content\/uploads\/2024\/10\/WhatsApp-Image-2024-10-22-at-15.50.48-fotor-202410240540.png","width":1026,"height":1026,"caption":"Colchones y Hogar C\u00f3rdoba"},"image":{"@id":"https:\/\/colchonesyhogarcordoba.com\/#\/schema\/logo\/image\/"},"sameAs":["https:\/\/www.instagram.com\/colchonesyhogarcordobaoficial\/","https:\/\/www.facebook.com\/ColchonesyhogarCordobaOficial","https:\/\/www.tiktok.com\/@colchonesyhogarcordoba"]}]}},"_links":{"self":[{"href":"https:\/\/colchonesyhogarcordoba.com\/index.php\/wp-json\/wp\/v2\/pages\/60","targetHints":{"allow":["GET"]}}],"collection":[{"href":"https:\/\/colchonesyhogarcordoba.com\/index.php\/wp-json\/wp\/v2\/pages"}],"about":[{"href":"https:\/\/colchonesyhogarcordoba.com\/index.php\/wp-json\/wp\/v2\/types\/page"}],"author":[{"embeddable":true,"href":"https:\/\/colchonesyhogarcordoba.com\/index.php\/wp-json\/wp\/v2\/users\/1"}],"replies":[{"embeddable":true,"href":"https:\/\/colchonesyhogarcordoba.com\/index.php\/wp-json\/wp\/v2\/comments?post=60"}],"version-history":[{"count":23,"href":"https:\/\/colchonesyhogarcordoba.com\/index.php\/wp-json\/wp\/v2\/pages\/60\/revisions"}],"predecessor-version":[{"id":3106,"href":"https:\/\/colchonesyhogarcordoba.com\/index.php\/wp-json\/wp\/v2\/pages\/60\/revisions\/3106"}],"wp:attachment":[{"href":"https:\/\/colchonesyhogarcordoba.com\/index.php\/wp-json\/wp\/v2\/media?parent=60"}],"curies":[{"name":"wp","href":"https:\/\/api.w.org\/{rel}","templated":true}]}}